{"id":1619,"date":"2023-02-07T13:43:46","date_gmt":"2023-02-07T13:43:46","guid":{"rendered":"https:\/\/cyandigital.es\/AnuarioAEF\/?page_id=1619"},"modified":"2023-03-22T23:15:51","modified_gmt":"2023-03-22T23:15:51","slug":"about","status":"publish","type":"page","link":"https:\/\/cyandigital.es\/AnuarioAEF\/about\/","title":{"rendered":"qu\u00e9 es"},"content":{"rendered":"<p>[et_pb_section fb_built=\u00bb1&#8243; fullwidth=\u00bbon\u00bb _builder_version=\u00bb4.17.1&#8243; _module_preset=\u00bbdefault\u00bb animation_style=\u00bbslide\u00bb animation_direction=\u00bbtop\u00bb animation_intensity_slide=\u00bb2%\u00bb animation_starting_opacity=\u00bb100%\u00bb global_colors_info=\u00bb{}\u00bb][et_pb_fullwidth_image src=\u00bbhttps:\/\/cyandigital.es\/AnuarioAEF\/wp-content\/uploads\/2023\/02\/banner_que-es-scaled.jpg\u00bb title_text=\u00bbbanner_que-es\u00bb _builder_version=\u00bb4.17.1&#8243; _module_preset=\u00bbdefault\u00bb global_colors_info=\u00bb{}\u00bb][\/et_pb_fullwidth_image][\/et_pb_section][et_pb_section fb_built=\u00bb1&#8243; _builder_version=\u00bb4.17.1&#8243; _module_preset=\u00bbdefault\u00bb custom_margin=\u00bb0px|0px|0px|0px|false|false\u00bb custom_padding=\u00bb0px|0px|0px|0px|false|false\u00bb global_colors_info=\u00bb{}\u00bb][et_pb_row _builder_version=\u00bb4.17.1&#8243; _module_preset=\u00bbdefault\u00bb global_colors_info=\u00bb{}\u00bb][et_pb_column type=\u00bb4_4&#8243; _builder_version=\u00bb4.17.1&#8243; _module_preset=\u00bbdefault\u00bb global_colors_info=\u00bb{}\u00bb][et_pb_text _builder_version=\u00bb4.17.1&#8243; _module_preset=\u00bbdefault\u00bb custom_margin=\u00bb0px|0px|0px|0px|false|false\u00bb custom_padding=\u00bb0px|0px|0px|0px|false|false\u00bb hover_enabled=\u00bb0&#8243; global_colors_info=\u00bb{}\u00bb sticky_enabled=\u00bb0&#8243;]<\/p>\n<h4 style=\"text-align: left;\"><span style=\"color: #808080; line-height: 1.5em;\"><br \/>\nEl <strong><span style=\"color: #1673ba;\">Anuario de Derecho de Fundaciones<\/span><\/strong> es una revista fundada en 2009, dirigida a la comunidad acad\u00e9mica y profesional, cuyo eje vertebrador es el Derecho de las fundaciones y las materias conexas a \u00e9l. Se publica en papel y digitalmente, en abierto y de manera gratuita, con periodicidad anual. Su contenido jur\u00eddico comprende tanto estudios acad\u00e9micos como rese\u00f1as y comentarios jurisprudenciales; cr\u00f3nicas auton\u00f3micas, europeas e iberoamericanas; as\u00ed como documentos relevantes sobre las fundaciones y el Tercer Sector. <\/p>\n<p>Con el paso de los a\u00f1os, el Anuario se ha convertido en la publicaci\u00f3n de referencia en lengua espa\u00f1ola sobre la materia. Precisamente porque sus p\u00e1ginas dan cuenta del r\u00e9gimen jur\u00eddico de estas organizaciones, pero tambi\u00e9n porque desde ellas se pulsan las posibilidades de avance que ofrece el Derecho comparado, al tiempo que albergan los principales debates y discusiones cr\u00edticas, y se enorgullece de que en ellas se exploren las propuestas y reflexiones m\u00e1s innovadoras sobre el Derecho de fundaciones.<\/p>\n<p>En el Anuario tradicionalmente han publicado civilistas, mercantilistas, administrativistas, penalistas, constitucionalistas y fiscalistas, espa\u00f1oles y extranjeros, interesados en ampliar los l\u00edmites del conocimiento y la reflexi\u00f3n sobre el Derecho de fundaciones. Pero el Anuario tambi\u00e9n est\u00e1 abierto y anima a los restantes juristas y profesionales del Derecho interesados en aquel prop\u00f3sito, cualquiera que sea su rama de especializaci\u00f3n, a que env\u00eden sus estudios, ya sean estrictamente jur\u00eddicos o interdisciplinares, para as\u00ed contribuir al apasionante debate que el Anuario da a conocer al p\u00fablico cada a\u00f1o.<\/p>\n<p>El Anuario de Derecho de Fundaciones es una iniciativa de la Asociaci\u00f3n Espa\u00f1ola de Fundaciones con la colaboraci\u00f3n de la editorial Iustel y el patrocinio de la Fundaci\u00f3n \u201cla Caixa\u201d.<br \/>\n<\/span><\/h4>\n<p>[\/et_pb_text][\/et_pb_column][\/et_pb_row][et_pb_row _builder_version=\u00bb4.17.1&#8243; _module_preset=\u00bbdefault\u00bb global_colors_info=\u00bb{}\u00bb][et_pb_column type=\u00bb4_4&#8243; _builder_version=\u00bb4.17.1&#8243; _module_preset=\u00bbdefault\u00bb global_colors_info=\u00bb{}\u00bb][et_pb_text _builder_version=\u00bb4.17.1&#8243; _module_preset=\u00bbdefault\u00bb background_color=\u00bb#cedaef\u00bb custom_margin=\u00bb0px|0px|0px|0px|false|false\u00bb custom_padding=\u00bb0px|0px|0px|0px|false|false\u00bb global_colors_info=\u00bb{}\u00bb]<\/p>\n<div style=\"padding: 20px; color: #000;\">\n<p style=\"font-size: 24px; line-height: 30px; font-weight: bolder; text-align: center;\">Edita<br \/><span style=\"font-weight: 500; font-size: 20px;\">Iustel. Portal Derecho, S.A.<\/span><\/p>\n<p style=\"font-size: 24px; line-height: 30px; font-weight: bolder; text-align: center;\">Directores<br \/><span style=\"font-weight: 500; font-size: 20px;\">Santiago Mu\u00f1oz Machado y Jos\u00e9 Luis Pi\u00f1ar Ma\u00f1as<\/span><\/p>\n<p style=\"font-size: 24px; line-height: 30px; font-weight: bolder; text-align: center;\">Consejo de Redacci\u00f3n<br \/><span style=\"font-weight: 500; font-size: 20px;\">Remigio Beneyto Berenguer, Alejandro Bl\u00e1zquez Lidoy, Miguel Cruz Amor\u00f3s, Jos\u00e9 Miguel Embid Irujo, Jorge Garc\u00eda-Andrade G\u00f3mez, Rafael de Lorenzo Garc\u00eda, Adolfo Men\u00e9ndez Men\u00e9ndez, Javier Nadal Ari\u00f1o, Isabel Pe\u00f1alosa Esteban, Alicia Real P\u00e9rez, Enrique R\u00faa Alonso y Teresa Sanjurjo Gonz\u00e1lez<\/span><\/p>\n<\/div>\n<p>[\/et_pb_text][\/et_pb_column][\/et_pb_row][et_pb_row _builder_version=\u00bb4.17.1&#8243; _module_preset=\u00bbdefault\u00bb global_colors_info=\u00bb{}\u00bb][et_pb_column type=\u00bb4_4&#8243; _builder_version=\u00bb4.17.1&#8243; _module_preset=\u00bbdefault\u00bb global_colors_info=\u00bb{}\u00bb][et_pb_divider _builder_version=\u00bb4.17.1&#8243; _module_preset=\u00bbdefault\u00bb global_colors_info=\u00bb{}\u00bb][\/et_pb_divider][\/et_pb_column][\/et_pb_row][et_pb_row column_structure=\u00bb1_2,1_2&#8243; _builder_version=\u00bb4.17.1&#8243; _module_preset=\u00bbdefault\u00bb custom_margin=\u00bb0px||0px||false|false\u00bb custom_padding=\u00bb0px||0px||false|false\u00bb border_radii=\u00bbon|6px|6px|6px|6px\u00bb locked=\u00bboff\u00bb global_colors_info=\u00bb{}\u00bb][et_pb_column type=\u00bb1_2&#8243; _builder_version=\u00bb4.17.1&#8243; _module_preset=\u00bbdefault\u00bb global_colors_info=\u00bb{}\u00bb][et_pb_text _builder_version=\u00bb4.17.1&#8243; _module_preset=\u00bbdefault\u00bb global_colors_info=\u00bb{}\u00bb]<\/p>\n<h2>Coedita:<\/h2>\n<p>[\/et_pb_text][\/et_pb_column][et_pb_column type=\u00bb1_2&#8243; _builder_version=\u00bb4.17.1&#8243; _module_preset=\u00bbdefault\u00bb global_colors_info=\u00bb{}\u00bb][et_pb_text _builder_version=\u00bb4.17.1&#8243; _module_preset=\u00bbdefault\u00bb global_colors_info=\u00bb{}\u00bb]<\/p>\n<h2 style=\"text-align: center;\">Con la colaboraci\u00f3n de:<\/h2>\n<p>[\/et_pb_text][\/et_pb_column][\/et_pb_row][et_pb_row column_structure=\u00bb1_3,1_3,1_3&#8243; _builder_version=\u00bb4.17.1&#8243; _module_preset=\u00bbdefault\u00bb global_colors_info=\u00bb{}\u00bb][et_pb_column type=\u00bb1_3&#8243; _builder_version=\u00bb4.17.1&#8243; _module_preset=\u00bbdefault\u00bb global_colors_info=\u00bb{}\u00bb][et_pb_image src=\u00bbhttps:\/\/cyandigital.es\/AnuarioAEF\/wp-content\/uploads\/2023\/02\/logo_iustel.png\u00bb title_text=\u00bblogo_iustel\u00bb url=\u00bbhttp:\/\/www.iustel.com\u00bb url_new_window=\u00bbon\u00bb _builder_version=\u00bb4.17.1&#8243; _module_preset=\u00bbdefault\u00bb global_colors_info=\u00bb{}\u00bb][\/et_pb_image][\/et_pb_column][et_pb_column type=\u00bb1_3&#8243; _builder_version=\u00bb4.17.1&#8243; _module_preset=\u00bbdefault\u00bb global_colors_info=\u00bb{}\u00bb][\/et_pb_column][et_pb_column type=\u00bb1_3&#8243; _builder_version=\u00bb4.17.1&#8243; _module_preset=\u00bbdefault\u00bb global_colors_info=\u00bb{}\u00bb][et_pb_image src=\u00bbhttps:\/\/cyandigital.es\/AnuarioAEF\/wp-content\/uploads\/2023\/02\/logo_fundacion-la-caixa.png\u00bb title_text=\u00bblogo_fundacion-la-caixa\u00bb url=\u00bbhttps:\/\/fundacionlacaixa.org\/es\/\u00bb url_new_window=\u00bbon\u00bb _builder_version=\u00bb4.17.1&#8243; _module_preset=\u00bbdefault\u00bb global_colors_info=\u00bb{}\u00bb][\/et_pb_image][\/et_pb_column][\/et_pb_row][\/et_pb_section][et_pb_section fb_built=\u00bb1&#8243; admin_label=\u00bbEvent Section\u00bb _builder_version=\u00bb4.17.1&#8243; _module_preset=\u00bbdefault\u00bb custom_margin=\u00bb40px||||false|false\u00bb custom_padding=\u00bb10px||10px||false|false\u00bb animation_style=\u00bbzoom\u00bb animation_intensity_zoom=\u00bb6%\u00bb animation_starting_opacity=\u00bb100%\u00bb global_colors_info=\u00bb{}\u00bb][\/et_pb_section]<\/p>\n","protected":false},"excerpt":{"rendered":"<p>El Anuario de Derecho de Fundaciones es una revista fundada en 2009, dirigida a la comunidad acad\u00e9mica y profesional, cuyo eje vertebrador es el Derecho de las fundaciones y las materias conexas a \u00e9l. Se publica en papel y digitalmente, en abierto y de manera gratuita, con periodicidad anual. Su contenido jur\u00eddico comprende tanto estudios [&hellip;]<\/p>\n","protected":false},"author":1,"featured_media":0,"parent":0,"menu_order":0,"comment_status":"closed","ping_status":"closed","template":"","meta":{"_et_pb_use_builder":"on","_et_pb_old_content":"","_et_gb_content_width":"","footnotes":""},"class_list":["post-1619","page","type-page","status-publish","hentry"],"_links":{"self":[{"href":"https:\/\/cyandigital.es\/AnuarioAEF\/wp-json\/wp\/v2\/pages\/1619","targetHints":{"allow":["GET"]}}],"collection":[{"href":"https:\/\/cyandigital.es\/AnuarioAEF\/wp-json\/wp\/v2\/pages"}],"about":[{"href":"https:\/\/cyandigital.es\/AnuarioAEF\/wp-json\/wp\/v2\/types\/page"}],"author":[{"embeddable":true,"href":"https:\/\/cyandigital.es\/AnuarioAEF\/wp-json\/wp\/v2\/users\/1"}],"replies":[{"embeddable":true,"href":"https:\/\/cyandigital.es\/AnuarioAEF\/wp-json\/wp\/v2\/comments?post=1619"}],"version-history":[{"count":17,"href":"https:\/\/cyandigital.es\/AnuarioAEF\/wp-json\/wp\/v2\/pages\/1619\/revisions"}],"predecessor-version":[{"id":2040,"href":"https:\/\/cyandigital.es\/AnuarioAEF\/wp-json\/wp\/v2\/pages\/1619\/revisions\/2040"}],"wp:attachment":[{"href":"https:\/\/cyandigital.es\/AnuarioAEF\/wp-json\/wp\/v2\/media?parent=1619"}],"curies":[{"name":"wp","href":"https:\/\/api.w.org\/{rel}","templated":true}]}}