{"id":565,"date":"2022-05-03T08:39:42","date_gmt":"2022-05-03T08:39:42","guid":{"rendered":"https:\/\/cyandigital.es\/AnuarioAEF\/?page_id=565"},"modified":"2023-03-15T17:26:12","modified_gmt":"2023-03-15T17:26:12","slug":"estudios-2011","status":"publish","type":"page","link":"https:\/\/cyandigital.es\/AnuarioAEF\/estudios-2011\/","title":{"rendered":"ESTUDIOS 2011"},"content":{"rendered":"<p>[et_pb_section fb_built=\u00bb1&#8243; fullwidth=\u00bbon\u00bb _builder_version=\u00bb4.17.1&#8243; _module_preset=\u00bbdefault\u00bb animation_style=\u00bbslide\u00bb animation_direction=\u00bbtop\u00bb animation_intensity_slide=\u00bb2%\u00bb animation_starting_opacity=\u00bb100%\u00bb global_colors_info=\u00bb{}\u00bb][et_pb_fullwidth_image src=\u00bbhttps:\/\/cyandigital.es\/AnuarioAEF\/wp-content\/uploads\/2022\/08\/banner_estudios_2011.png\u00bb title_text=\u00bbbanner_estudios_2011&#8243; _builder_version=\u00bb4.17.1&#8243; _module_preset=\u00bbdefault\u00bb global_colors_info=\u00bb{}\u00bb][\/et_pb_fullwidth_image][\/et_pb_section][et_pb_section fb_built=\u00bb1&#8243; admin_label=\u00bbEvent Section\u00bb _builder_version=\u00bb4.17.1&#8243; _module_preset=\u00bbdefault\u00bb custom_padding=\u00bb10px||10px||false|false\u00bb animation_style=\u00bbzoom\u00bb animation_intensity_zoom=\u00bb6%\u00bb animation_starting_opacity=\u00bb100%\u00bb global_module=\u00bb378&#8243; saved_tabs=\u00bball\u00bb global_colors_info=\u00bb{}\u00bb][et_pb_row column_structure=\u00bb1_4,1_4,1_4,1_4&#8243; use_custom_gutter=\u00bbon\u00bb gutter_width=\u00bb2&#8243; admin_label=\u00bbEvent Info Area\u00bb _builder_version=\u00bb4.17.1&#8243; _module_preset=\u00bbdefault\u00bb use_custom_width=\u00bbon\u00bb custom_width_px=\u00bb1280px\u00bb global_colors_info=\u00bb{}\u00bb][et_pb_column type=\u00bb1_4&#8243; _builder_version=\u00bb4.16&#8243; _module_preset=\u00bbdefault\u00bb custom_padding=\u00bb|||\u00bb global_colors_info=\u00bb{}\u00bb custom_padding__hover=\u00bb|||\u00bb][et_pb_image src=\u00bbhttps:\/\/cyandigital.es\/AnuarioAEF\/wp-content\/uploads\/2023\/03\/2018_01_Estudios_El_destino_obligatorio_de-rentas_e_ingresos_en_las_fundaciones.jpeg\u00bb title_text=\u00bb2018_01_Estudios_El_destino_obligatorio_de rentas_e_ingresos_en_las_fundaciones\u00bb force_fullwidth=\u00bbon\u00bb align_tablet=\u00bbcenter\u00bb align_phone=\u00bbcenter\u00bb align_last_edited=\u00bbon|desktop\u00bb _builder_version=\u00bb4.17.1&#8243; _module_preset=\u00bbdefault\u00bb custom_margin=\u00bb5px|5px|5px|5px|false|false\u00bb box_shadow_style=\u00bbpreset1&#8243; box_shadow_spread=\u00bb12px\u00bb global_colors_info=\u00bb{}\u00bb][\/et_pb_image][\/et_pb_column][et_pb_column type=\u00bb1_4&#8243; _builder_version=\u00bb4.16&#8243; _module_preset=\u00bbdefault\u00bb custom_padding=\u00bb|||\u00bb global_colors_info=\u00bb{}\u00bb custom_padding__hover=\u00bb|||\u00bb][et_pb_text admin_label=\u00bbDate\u00bb _builder_version=\u00bb4.17.1&#8243; _module_preset=\u00bbdefault\u00bb text_font=\u00bb|700||on|||||\u00bb text_text_color=\u00bb#8b96a1&#8243; text_letter_spacing=\u00bb1px\u00bb custom_margin=\u00bb||10px|\u00bb animation_direction=\u00bbleft\u00bb global_colors_info=\u00bb{}\u00bb]<\/p>\n<h4><span style=\"color: #3366ff;\"><strong>ANUARIO 2018<\/strong><\/span><\/h4>\n<p>[\/et_pb_text][et_pb_code _builder_version=\u00bb4.17.1&#8243; _module_preset=\u00bbdefault\u00bb global_colors_info=\u00bb{}\u00bb]<pee style=\"text-align: left; color: #000; font-weight: bold; font-size: 18px;\">El destino obligatorio de rentas e ingresos en las fundaciones: \u00bfuna obligaci\u00f3n o un arte?<\/pee>[\/et_pb_code][et_pb_code _builder_version=\u00bb4.17.1&#8243; _module_preset=\u00bbdefault\u00bb global_colors_info=\u00bb{}\u00bb]<pee style=\"line-height: 20px; font-size: 18px;\"><strong>Nohem\u00ed Boal Velasco: <\/strong><!\u2013- [et_pb_br_holder] -\u2013>Profesora Titular de Econom\u00eda Financiera y Contabilidad Universidad CEU San Pablo<\/pee>[\/et_pb_code][et_pb_button button_url=\u00bbhttps:\/\/cyandigital.es\/AnuarioAEF\/wp-content\/uploads\/2022\/08\/2018_01_Estudios_El_destino_obligatorio_de%20rentas_e_ingresos_en_las_fundaciones.pdf\u00bb button_text=\u00bbDescargar PDF\u00bb _builder_version=\u00bb4.17.1&#8243; _module_preset=\u00bbdefault\u00bb global_colors_info=\u00bb{}\u00bb][\/et_pb_button][\/et_pb_column][et_pb_column type=\u00bb1_4&#8243; _builder_version=\u00bb4.16&#8243; _module_preset=\u00bbdefault\u00bb custom_padding=\u00bb|||\u00bb global_colors_info=\u00bb{}\u00bb custom_padding__hover=\u00bb|||\u00bb][et_pb_image src=\u00bbhttps:\/\/cyandigital.es\/AnuarioAEF\/wp-content\/uploads\/2023\/03\/2018_02_Estudios_Sobre_el_deber_de_evitar_la_instrumentalizacion_de_las_fundaciones_en_la_financiacion_del_terrorismo.jpeg\u00bb title_text=\u00bb2018_02_Estudios_Sobre_el_deber_de_evitar_la_instrumentalizacion_de_las_fundaciones_en_la_financiacion_del_terrorismo\u00bb force_fullwidth=\u00bbon\u00bb align_tablet=\u00bbcenter\u00bb align_phone=\u00bbcenter\u00bb align_last_edited=\u00bbon|desktop\u00bb _builder_version=\u00bb4.17.1&#8243; _module_preset=\u00bbdefault\u00bb custom_margin=\u00bb5px|5px|5px|5px|false|false\u00bb box_shadow_style=\u00bbpreset1&#8243; box_shadow_spread=\u00bb12px\u00bb global_colors_info=\u00bb{}\u00bb][\/et_pb_image][\/et_pb_column][et_pb_column type=\u00bb1_4&#8243; _builder_version=\u00bb4.16&#8243; _module_preset=\u00bbdefault\u00bb custom_padding=\u00bb|||\u00bb global_colors_info=\u00bb{}\u00bb custom_padding__hover=\u00bb|||\u00bb][et_pb_text admin_label=\u00bbDate\u00bb _builder_version=\u00bb4.17.1&#8243; _module_preset=\u00bbdefault\u00bb text_font=\u00bb|700||on|||||\u00bb text_text_color=\u00bb#8b96a1&#8243; text_letter_spacing=\u00bb1px\u00bb custom_margin=\u00bb||10px|\u00bb animation_direction=\u00bbleft\u00bb global_colors_info=\u00bb{}\u00bb]<\/p>\n<h4><span style=\"color: #3366ff;\"><strong>ANUARIO 2018<\/strong><\/span><span style=\"color: #3366ff;\"><strong><\/strong><\/span><\/h4>\n<p>[\/et_pb_text][et_pb_code _builder_version=\u00bb4.17.1&#8243; _module_preset=\u00bbdefault\u00bb global_colors_info=\u00bb{}\u00bb]<pee style=\"text-align: left; color: #000; font-weight: bold; font-size: 18px;\">Sobre el deber de evitar la instrumentalizaci\u00f3n de las fundaciones en la financiaci\u00f3n del terrorismo<\/pee>[\/et_pb_code][et_pb_code _builder_version=\u00bb4.17.1&#8243; _module_preset=\u00bbdefault\u00bb global_colors_info=\u00bb{}\u00bb]<pee style=\"line-height: 20px; font-size: 18px;\"><strong>Lorena Varela: <\/strong><!-- [et_pb_line_break_holder] --><!\u2013- [et_pb_br_holder] -\u2013>Postdoctoral Researcher-Universit\u00e4t des Saarlandes (Alemania). <!\u2013- [et_pb_br_holder] -\u2013> Profesora de Derecho penal-Universidad Internacional de La Rioja (Espa\u00f1a)<!-- [et_pb_line_break_holder] --><\/pee>[\/et_pb_code][et_pb_button button_url=\u00bbhttps:\/\/cyandigital.es\/AnuarioAEF\/wp-content\/uploads\/2022\/08\/2018_02_Estudios_Sobre_el_deber_de_evitar_la_instrumentalizacion_de_las_fundaciones_en_la_financiacion_del_terrorismo.pdf\u00bb button_text=\u00bbDescargar PDF\u00bb _builder_version=\u00bb4.17.1&#8243; _module_preset=\u00bbdefault\u00bb global_colors_info=\u00bb{}\u00bb][\/et_pb_button][\/et_pb_column][\/et_pb_row][et_pb_row column_structure=\u00bb1_4,1_4,1_4,1_4&#8243; use_custom_gutter=\u00bbon\u00bb gutter_width=\u00bb2&#8243; admin_label=\u00bbEvent Info Area\u00bb _builder_version=\u00bb4.17.1&#8243; _module_preset=\u00bbdefault\u00bb use_custom_width=\u00bbon\u00bb custom_width_px=\u00bb1280px\u00bb global_colors_info=\u00bb{}\u00bb][et_pb_column type=\u00bb1_4&#8243; _builder_version=\u00bb4.16&#8243; _module_preset=\u00bbdefault\u00bb custom_padding=\u00bb|||\u00bb global_colors_info=\u00bb{}\u00bb custom_padding__hover=\u00bb|||\u00bb][et_pb_image src=\u00bbhttps:\/\/cyandigital.es\/AnuarioAEF\/wp-content\/uploads\/2023\/03\/2018_03_Revision_de_oficio_de_una_orden_de_clasificacion_por_la_Administracion_de_una_fundacion_erigida_canonicamente.jpeg\u00bb title_text=\u00bb2018_03_Revision_de_oficio_de_una_orden_de_clasificacion_por_la_Administracion_de_una_fundacion_erigida_canonicamente\u00bb force_fullwidth=\u00bbon\u00bb align_tablet=\u00bbcenter\u00bb align_phone=\u00bbcenter\u00bb align_last_edited=\u00bbon|desktop\u00bb _builder_version=\u00bb4.17.1&#8243; _module_preset=\u00bbdefault\u00bb custom_margin=\u00bb5px|5px|5px|5px|false|false\u00bb box_shadow_style=\u00bbpreset1&#8243; box_shadow_spread=\u00bb12px\u00bb global_colors_info=\u00bb{}\u00bb][\/et_pb_image][\/et_pb_column][et_pb_column type=\u00bb1_4&#8243; _builder_version=\u00bb4.16&#8243; _module_preset=\u00bbdefault\u00bb custom_padding=\u00bb|||\u00bb global_colors_info=\u00bb{}\u00bb custom_padding__hover=\u00bb|||\u00bb][et_pb_text admin_label=\u00bbDate\u00bb _builder_version=\u00bb4.17.1&#8243; _module_preset=\u00bbdefault\u00bb text_font=\u00bb|700||on|||||\u00bb text_text_color=\u00bb#8b96a1&#8243; text_letter_spacing=\u00bb1px\u00bb custom_margin=\u00bb||10px|\u00bb animation_direction=\u00bbleft\u00bb global_colors_info=\u00bb{}\u00bb]<\/p>\n<h4><span style=\"color: #3366ff;\"><strong>ANUARIO 2018<\/strong><\/span><\/h4>\n<p>[\/et_pb_text][et_pb_code _builder_version=\u00bb4.17.1&#8243; _module_preset=\u00bbdefault\u00bb global_colors_info=\u00bb{}\u00bb]<pee style=\"text-align: left; color: #000; font-weight: bold; font-size: 18px;\">Revisi\u00f3n de oficio de una orden de clasificaci\u00f3n por la Administraci\u00f3n de una fundaci\u00f3n erigida can\u00f3nicamente<\/pee>[\/et_pb_code][et_pb_code _builder_version=\u00bb4.17.1&#8243; _module_preset=\u00bbdefault\u00bb global_colors_info=\u00bb{}\u00bb]<pee style=\"line-height: 20px; font-size: 18px;\"><strong>Remigio Beneyto Berenguer: <\/strong><!\u2013- [et_pb_br_holder] -\u2013>Universidad CEU-Cardenal Herrera de Valencia<\/pee>[\/et_pb_code][et_pb_button button_url=\u00bbhttps:\/\/cyandigital.es\/AnuarioAEF\/wp-content\/uploads\/2022\/08\/2018_03_Revision_de_oficio_de_una_orden_de_clasificacion_por_la_Administracion_de_una_fundacion_erigida_canonicamente.pdf\u00bb button_text=\u00bbDescargar PDF\u00bb _builder_version=\u00bb4.17.1&#8243; _module_preset=\u00bbdefault\u00bb global_colors_info=\u00bb{}\u00bb][\/et_pb_button][\/et_pb_column][et_pb_column type=\u00bb1_4&#8243; _builder_version=\u00bb4.16&#8243; _module_preset=\u00bbdefault\u00bb custom_padding=\u00bb|||\u00bb global_colors_info=\u00bb{}\u00bb custom_padding__hover=\u00bb|||\u00bb][et_pb_image src=\u00bbhttps:\/\/cyandigital.es\/AnuarioAEF\/wp-content\/uploads\/2023\/03\/2018_04_Retos_y_futuro_de_la_sociedad_-civil.jpeg\u00bb title_text=\u00bb2018_04_Retos_y_futuro_de_la_sociedad_ civil\u00bb force_fullwidth=\u00bbon\u00bb align_tablet=\u00bbcenter\u00bb align_phone=\u00bbcenter\u00bb align_last_edited=\u00bbon|desktop\u00bb _builder_version=\u00bb4.17.1&#8243; _module_preset=\u00bbdefault\u00bb custom_margin=\u00bb5px|5px|5px|5px|false|false\u00bb box_shadow_style=\u00bbpreset1&#8243; box_shadow_spread=\u00bb12px\u00bb global_colors_info=\u00bb{}\u00bb][\/et_pb_image][\/et_pb_column][et_pb_column type=\u00bb1_4&#8243; _builder_version=\u00bb4.16&#8243; _module_preset=\u00bbdefault\u00bb custom_padding=\u00bb|||\u00bb global_colors_info=\u00bb{}\u00bb custom_padding__hover=\u00bb|||\u00bb][et_pb_text admin_label=\u00bbDate\u00bb _builder_version=\u00bb4.17.1&#8243; _module_preset=\u00bbdefault\u00bb text_font=\u00bb|700||on|||||\u00bb text_text_color=\u00bb#8b96a1&#8243; text_letter_spacing=\u00bb1px\u00bb custom_margin=\u00bb||10px|\u00bb animation_direction=\u00bbleft\u00bb global_colors_info=\u00bb{}\u00bb]<\/p>\n<h4><span style=\"color: #3366ff;\"><strong>ANUARIO 2018<\/strong><\/span><span style=\"color: #3366ff;\"><strong><\/strong><\/span><\/h4>\n<p>[\/et_pb_text][et_pb_code _builder_version=\u00bb4.17.1&#8243; _module_preset=\u00bbdefault\u00bb global_colors_info=\u00bb{}\u00bb]<pee style=\"text-align: left; color: #000; font-weight: bold; font-size: 18px;\">Retos y futuro de la sociedad civil<\/pee>[\/et_pb_code][et_pb_code _builder_version=\u00bb4.17.1&#8243; _module_preset=\u00bbdefault\u00bb global_colors_info=\u00bb{}\u00bb]<pee style=\"line-height: 20px; font-size: 18px;\"><strong>Carlos \u00c1lvarez Jim\u00e9nez<\/strong><!-- [et_pb_line_break_holder] --><!\u2013- [et_pb_br_holder] -\u2013> Vicepresidente segundo de Fundaci\u00f3n Derecho y Discapacidad.<!-- [et_pb_line_break_holder] --><\/pee>[\/et_pb_code][et_pb_button button_url=\u00bbhttps:\/\/cyandigital.es\/AnuarioAEF\/wp-content\/uploads\/2022\/08\/2018_04_Retos_y_futuro_de_la_sociedad_%20civil.pdf\u00bb button_text=\u00bbDescargar PDF\u00bb _builder_version=\u00bb4.17.1&#8243; _module_preset=\u00bbdefault\u00bb global_colors_info=\u00bb{}\u00bb][\/et_pb_button][\/et_pb_column][\/et_pb_row][et_pb_row _builder_version=\u00bb4.17.1&#8243; _module_preset=\u00bbdefault\u00bb custom_margin=\u00bb-15px||-15px||false|false\u00bb global_colors_info=\u00bb{}\u00bb][et_pb_column type=\u00bb4_4&#8243; _builder_version=\u00bb4.17.1&#8243; _module_preset=\u00bbdefault\u00bb global_colors_info=\u00bb{}\u00bb][et_pb_image src=\u00bbhttps:\/\/cyandigital.es\/AnuarioAEF\/wp-content\/uploads\/2022\/04\/estudios_anteriores.png\u00bb title_text=\u00bbestudios_anteriores\u00bb module_id=\u00bbyears\u00bb _builder_version=\u00bb4.17.1&#8243; _module_preset=\u00bbdefault\u00bb global_colors_info=\u00bb{}\u00bb][\/et_pb_image][\/et_pb_column][\/et_pb_row][\/et_pb_section][et_pb_section fb_built=\u00bb1&#8243; _builder_version=\u00bb4.17.1&#8243; _module_preset=\u00bbdefault\u00bb custom_margin=\u00bb||0px||false|false\u00bb global_colors_info=\u00bb{}\u00bb][et_pb_row column_structure=\u00bb1_4,3_4&#8243; use_custom_gutter=\u00bbon\u00bb _builder_version=\u00bb4.17.1&#8243; _module_preset=\u00bbdefault\u00bb custom_margin=\u00bb-75px||-75px||false|false\u00bb global_colors_info=\u00bb{}\u00bb][et_pb_column type=\u00bb1_4&#8243; _builder_version=\u00bb4.17.1&#8243; _module_preset=\u00bbdefault\u00bb global_colors_info=\u00bb{}\u00bb][et_pb_code _builder_version=\u00bb4.17.1&#8243; _module_preset=\u00bbdefault\u00bb hover_enabled=\u00bb0&#8243; global_colors_info=\u00bb{}\u00bb sticky_enabled=\u00bb0&#8243;]<\/p>\n<style><!-- [et_pb_line_break_holder] -->a:link,<!-- [et_pb_line_break_holder] -->a:active,<!-- [et_pb_line_break_holder] -->a:visited{<!-- [et_pb_line_break_holder] -->      color:#000;<!-- [et_pb_line_break_holder] -->      text-decoration: none;<!-- [et_pb_line_break_holder] -->}<!-- [et_pb_line_break_holder] --><!-- [et_pb_line_break_holder] -->a:hover{<!-- [et_pb_line_break_holder] -->      color:#777;<!-- [et_pb_line_break_holder] -->      text-decoration: none;<!-- [et_pb_line_break_holder] -->    }<!-- [et_pb_line_break_holder] --><!-- [et_pb_line_break_holder] --><\/style>\n<p><!-- [et_pb_line_break_holder] --><\/p>\n<div style=\"text-align: center; color: #000; margin: 0 20%; font-weight: bold; font-size: 24px;\"><!-- [et_pb_line_break_holder] --><pee style=\"background-color: #1674ba; color: #fff; padding: 20px 0 20px 0;\">A\u00d1O<\/pee><!-- [et_pb_line_break_holder] --><pee style=\"background-color: #cedaef; line-height: 45px\"><!-- [et_pb_line_break_holder] -->  <a href=\"..\\\\estudios-2018#years\">2018<\/a><!\u2013- [et_pb_br_holder] -\u2013><!-- [et_pb_line_break_holder] -->  <a href=\"..estudios-2017#years\">2017<\/a><!\u2013- [et_pb_br_holder] -\u2013><!-- [et_pb_line_break_holder] -->  <a href=\"..estudios-2016#years\">2016<\/a><!\u2013- [et_pb_br_holder] -\u2013><!-- [et_pb_line_break_holder] -->  <a href=\"..estudios-2015#years\">2015<\/a><!\u2013- [et_pb_br_holder] -\u2013><!-- [et_pb_line_break_holder] -->  <a href=\"..estudios-2014#years\">2014<\/a><!\u2013- [et_pb_br_holder] -\u2013> <!-- [et_pb_line_break_holder] -->  <a href=\"..estudios-2013#years\">2013<\/a><!\u2013- [et_pb_br_holder] -\u2013> <!-- [et_pb_line_break_holder] -->  <a href=\"..estudios-2012#years\">2012<\/a><!\u2013- [et_pb_br_holder] -\u2013><!-- [et_pb_line_break_holder] -->  <span style=\"color: #1674ba;\">2011<\/span><!\u2013- [et_pb_br_holder] -\u2013><!-- [et_pb_line_break_holder] -->  <a href=\"..estudios-2010#years\">2010<\/a><!\u2013- [et_pb_br_holder] -\u2013><!-- [et_pb_line_break_holder] -->  <a href=\"..estudios-2009#years\">2009<\/a><!\u2013- [et_pb_br_holder] -\u2013><!-- [et_pb_line_break_holder] --><\/pee><!-- [et_pb_line_break_holder] --><\/div>\n<p>[\/et_pb_code][\/et_pb_column][et_pb_column type=\u00bb3_4&#8243; _builder_version=\u00bb4.17.1&#8243; _module_preset=\u00bbdefault\u00bb global_colors_info=\u00bb{}\u00bb][et_pb_code _builder_version=\u00bb4.17.1&#8243; _module_preset=\u00bbdefault\u00bb global_colors_info=\u00bb{}\u00bb]<pee style=\"line-height: 20px; font-size: 18px;\"><!-- [et_pb_line_break_holder] --><strong><span style=\"line-height: 35px; font-size: 22px;\">Diversidad de fundaciones en Europa<\/span><\/strong><!-- [et_pb_line_break_holder] --><!\u2013- [et_pb_br_holder] -\u2013><strong>Carlos Param\u00e9s Montenegro<\/strong> \/  Exsecretario general de la Asociaci\u00f3n Espa\u00f1ola de Fundaciones Patrono de la Fundaci\u00f3n Prodefa y Consejero de la Fundaci\u00f3n Philippe Cousteau<!-- [et_pb_line_break_holder] --><\/pee>[\/et_pb_code][et_pb_button button_url=\u00bbhttps:\/\/cyandigital.es\/AnuarioAEF\/wp-content\/uploads\/2022\/08\/2011_01_Estudios_DiversidadFundaciones.pdf\u00bb button_text=\u00bbDescargar PDF\u00bb _builder_version=\u00bb4.17.1&#8243; _module_preset=\u00bbdefault\u00bb custom_margin=\u00bb-25px||25px||false|false\u00bb global_colors_info=\u00bb{}\u00bb][\/et_pb_button][et_pb_code _builder_version=\u00bb4.17.1&#8243; _module_preset=\u00bbdefault\u00bb global_colors_info=\u00bb{}\u00bb]<pee style=\"line-height: 20px; font-size: 18px;\"><!-- [et_pb_line_break_holder] --><strong><span style=\"line-height: 35px; font-size: 22px;\">Fundaciones, instituciones, sociedad: el problema de la legitimaci\u00f3n<\/span><\/strong><!-- [et_pb_line_break_holder] --><!\u2013- [et_pb_br_holder] -\u2013><strong>Marco Cammelli<\/strong> \/  Profesor Ordinario de Derecho Administrativo Universidad de Bolonia<!-- [et_pb_line_break_holder] --><\/pee><!-- [et_pb_line_break_holder] -->[\/et_pb_code][et_pb_button button_url=\u00bbhttps:\/\/cyandigital.es\/AnuarioAEF\/wp-content\/uploads\/2022\/08\/2011_02_Estudios_FundacionesInstitucionesSociedad.pdf\u00bb button_text=\u00bbDescargar PDF\u00bb _builder_version=\u00bb4.17.1&#8243; _module_preset=\u00bbdefault\u00bb custom_margin=\u00bb-25px||25px||false|false\u00bb global_colors_info=\u00bb{}\u00bb][\/et_pb_button][et_pb_code _builder_version=\u00bb4.17.1&#8243; _module_preset=\u00bbdefault\u00bb global_colors_info=\u00bb{}\u00bb]<pee style=\"line-height: 20px; font-size: 18px;\"><!-- [et_pb_line_break_holder] --><strong><span style=\"line-height: 35px; font-size: 22px;\">Reflexiones en torno a las fundaciones y propuestas de futuro <\/span><\/strong><!-- [et_pb_line_break_holder] --><!\u2013- [et_pb_br_holder] -\u2013><strong>Rafael de Lorenzo Garc\u00eda<\/strong> \/  Secretario General del Consejo General de la ONCE<!-- [et_pb_line_break_holder] --><!\u2013- [et_pb_br_holder] -\u2013><strong>Jos\u00e9 Luis Pi\u00f1ar Ma\u00f1as<\/strong> \/  Catedr\u00e1tico de Derecho Administrativo. Universidad San Pablo-CEU de Madrid<!-- [et_pb_line_break_holder] --><!\u2013- [et_pb_br_holder] -\u2013><strong>Teresa Sanjurjo Gonz\u00e1lez<\/strong> \/  Directora General de la Fundaci\u00f3n Pr\u00edncipe de Asturias<!-- [et_pb_line_break_holder] --><\/pee>[\/et_pb_code][et_pb_button button_url=\u00bbhttps:\/\/cyandigital.es\/AnuarioAEF\/wp-content\/uploads\/2022\/08\/2011_03_Estudios_Reflexiones.pdf\u00bb button_text=\u00bbDescargar PDF\u00bb _builder_version=\u00bb4.17.1&#8243; _module_preset=\u00bbdefault\u00bb custom_margin=\u00bb-25px||25px||false|false\u00bb global_colors_info=\u00bb{}\u00bb][\/et_pb_button][et_pb_code _builder_version=\u00bb4.17.1&#8243; _module_preset=\u00bbdefault\u00bb global_colors_info=\u00bb{}\u00bb]<pee style=\"line-height: 20px; font-size: 18px;\"><!-- [et_pb_line_break_holder] --><strong><span style=\"line-height: 35px; font-size: 22px;\">Asociaciones y fundaciones can\u00f3nicas: confusi\u00f3n en su personalidad jur\u00eddica civil<\/span><\/strong><!-- [et_pb_line_break_holder] --><!\u2013- [et_pb_br_holder] -\u2013><strong>Remigio Beneyto Berenguer<\/strong> \/ Catedr\u00e1tico de Derecho Eclesi\u00e1stico del Estado Universidad CEU-Cardenal Herrera Valencia<!-- [et_pb_line_break_holder] --><\/pee>[\/et_pb_code][et_pb_button button_url=\u00bbhttps:\/\/cyandigital.es\/AnuarioAEF\/wp-content\/uploads\/2022\/08\/2011_04_Estudios_Asociacionesyfundaciones.pdf\u00bb button_text=\u00bbDescargar PDF\u00bb _builder_version=\u00bb4.17.1&#8243; _module_preset=\u00bbdefault\u00bb custom_margin=\u00bb-25px||25px||false|false\u00bb global_colors_info=\u00bb{}\u00bb][\/et_pb_button][et_pb_code _builder_version=\u00bb4.17.1&#8243; _module_preset=\u00bbdefault\u00bb global_colors_info=\u00bb{}\u00bb]<pee style=\"line-height: 20px; font-size: 18px;\"><!-- [et_pb_line_break_holder] --><strong><span style=\"line-height: 35px; font-size: 22px;\">Claroscuros de la Ley 5\/2011 de Econom\u00eda Social<\/span><\/strong><!-- [et_pb_line_break_holder] --><!\u2013- [et_pb_br_holder] -\u2013><strong>Manuel Ignacio Feliu Rey<\/strong> \/  Profesor Titular (Catedr\u00e1tico Acreditado) de Derecho Civil. Director C\u00e1tedra Asgeco Universidad Carlos III de Madrid<!-- [et_pb_line_break_holder] --><\/pee>[\/et_pb_code][et_pb_button button_url=\u00bbhttps:\/\/cyandigital.es\/AnuarioAEF\/wp-content\/uploads\/2022\/08\/2011_05_Estudios_Claroscuros.pdf\u00bb button_text=\u00bbDescargar PDF\u00bb _builder_version=\u00bb4.17.1&#8243; _module_preset=\u00bbdefault\u00bb custom_margin=\u00bb-25px||25px||false|false\u00bb global_colors_info=\u00bb{}\u00bb][\/et_pb_button][et_pb_code _builder_version=\u00bb4.17.1&#8243; _module_preset=\u00bbdefault\u00bb global_colors_info=\u00bb{}\u00bb]<pee style=\"line-height: 20px; font-size: 18px;\"><!-- [et_pb_line_break_holder] --><strong><span style=\"line-height: 35px; font-size: 22px;\">La autocontrataci\u00f3n en el \u00e1mbito de las fundaciones. Supuestos y sistema de control<\/span><\/strong><!-- [et_pb_line_break_holder] --><!\u2013- [et_pb_br_holder] -\u2013><strong>Mar\u00eda Natalia Mato Pac\u00edn<\/strong> \/  Profesora Ayudante de Derecho Civil. Universidad Carlos III de Madrid<!-- [et_pb_line_break_holder] --><\/pee>[\/et_pb_code][et_pb_button button_url=\u00bbhttps:\/\/cyandigital.es\/AnuarioAEF\/wp-content\/uploads\/2022\/08\/2011_06_Estudios_Autocontratacion.pdf\u00bb button_text=\u00bbDescargar PDF\u00bb _builder_version=\u00bb4.17.1&#8243; _module_preset=\u00bbdefault\u00bb custom_margin=\u00bb-25px||25px||false|false\u00bb global_colors_info=\u00bb{}\u00bb][\/et_pb_button][et_pb_code _builder_version=\u00bb4.17.1&#8243; _module_preset=\u00bbdefault\u00bb link_option_url=\u00bbhttps:\/\/cyandigital.es\/AnuarioAEF\/wp-content\/uploads\/2022\/08\/2011_04_Estudios_Asociacionesyfundaciones.pdf\u00bb global_colors_info=\u00bb{}\u00bb]<pee style=\"line-height: 20px; font-size: 18px;\"><!-- [et_pb_line_break_holder] --><strong><span style=\"line-height: 35px; font-size: 22px;\">La Ley Geoespacial al servicio de las fundaciones<\/span><\/strong><!-- [et_pb_line_break_holder] --><!\u2013- [et_pb_br_holder] -\u2013><strong>Fernando Moreno Cea<\/strong> \/  Abogado Socio del Bufete Mas y Calvet<!-- [et_pb_line_break_holder] --><!\u2013- [et_pb_br_holder] -\u2013><strong>Efr\u00e9n D\u00edaz D\u00edaz<\/strong> \/  Abogado Asociado del Bufete Mas y Calvet<!-- [et_pb_line_break_holder] --><\/pee>[\/et_pb_code][et_pb_button button_url=\u00bbhttps:\/\/cyandigital.es\/AnuarioAEF\/wp-content\/uploads\/2022\/10\/2011_07Estudios_LeyGeoespacial.pdf\u00bb button_text=\u00bbDescargar PDF\u00bb _builder_version=\u00bb4.17.1&#8243; _module_preset=\u00bbdefault\u00bb custom_margin=\u00bb-25px||25px||false|false\u00bb global_colors_info=\u00bb{}\u00bb][\/et_pb_button][\/et_pb_column][\/et_pb_row][\/et_pb_section]<\/p>\n","protected":false},"excerpt":{"rendered":"<p>ANUARIO 2018ANUARIO 2018ANUARIO 2018ANUARIO 2018<\/p>\n","protected":false},"author":1,"featured_media":0,"parent":0,"menu_order":0,"comment_status":"closed","ping_status":"closed","template":"","meta":{"_et_pb_use_builder":"on","_et_pb_old_content":"","_et_gb_content_width":"","footnotes":""},"class_list":["post-565","page","type-page","status-publish","hentry"],"_links":{"self":[{"href":"https:\/\/cyandigital.es\/AnuarioAEF\/wp-json\/wp\/v2\/pages\/565","targetHints":{"allow":["GET"]}}],"collection":[{"href":"https:\/\/cyandigital.es\/AnuarioAEF\/wp-json\/wp\/v2\/pages"}],"about":[{"href":"https:\/\/cyandigital.es\/AnuarioAEF\/wp-json\/wp\/v2\/types\/page"}],"author":[{"embeddable":true,"href":"https:\/\/cyandigital.es\/AnuarioAEF\/wp-json\/wp\/v2\/users\/1"}],"replies":[{"embeddable":true,"href":"https:\/\/cyandigital.es\/AnuarioAEF\/wp-json\/wp\/v2\/comments?post=565"}],"version-history":[{"count":10,"href":"https:\/\/cyandigital.es\/AnuarioAEF\/wp-json\/wp\/v2\/pages\/565\/revisions"}],"predecessor-version":[{"id":1780,"href":"https:\/\/cyandigital.es\/AnuarioAEF\/wp-json\/wp\/v2\/pages\/565\/revisions\/1780"}],"wp:attachment":[{"href":"https:\/\/cyandigital.es\/AnuarioAEF\/wp-json\/wp\/v2\/media?parent=565"}],"curies":[{"name":"wp","href":"https:\/\/api.w.org\/{rel}","templated":true}]}}